{"id":86,"date":"2018-11-26T19:59:05","date_gmt":"2018-11-26T18:59:05","guid":{"rendered":"https:\/\/www.evs.kgs-tornesch.de\/?page_id=86"},"modified":"2021-01-18T21:35:26","modified_gmt":"2021-01-18T20:35:26","slug":"unser-team","status":"publish","type":"page","link":"https:\/\/www.evs.kgs-tornesch.de\/?page_id=86","title":{"rendered":"Unser Team"},"content":{"rendered":"<p>Wir bestehen aus 17 Sch\u00fcler\/innen <span style=\"display: inline !important; float: none; background-color: transparent; color: #333333; font-family: 'Libre Franklin','Helvetica Neue',helvetica,arial,sans-serif; font-size: 16px; font-style: normal; font-variant: normal; font-weight: 400; letter-spacing: normal; orphans: 2; text-align: left; text-decoration: none; text-indent: 0px; text-transform: none; -webkit-text-stroke-width: 0px; white-space: normal; word-spacing: 0px;\">und eine engagierte Lehrerin unterst\u00fctzt.<\/span><\/p>\n<p>Die Firma besitzt nat\u00fcrlich auch eine eigene Gesch\u00e4ftsleitung.<\/p>\n<p>Diese besteht zur Zeit aus:<\/p>\n<p>Gesch\u00e4ftsleitung:<br \/>\n1. Gesch\u00e4ftsf\u00fchrerin : Laura Peycke<br \/>\n2. Gesch\u00e4ftsf\u00fchrerin: Michelle Ochs<\/p>\n<p>Finanzmanagement: Michelle Ochs und Sophie Wiechert<\/p>\n<p>Design&amp; Marketing: Anne Marieke Grote<\/p>\n<p>Digitale Arbeit (Homepage): Daniel Schulz<\/p>\n<p>Weiterhin arbeiten mit: Lea, Erik, Seraphina, Julian, Irem, Jonah, Leonie, Vincent, Catharina, Tim, Laith und Lars<\/p>\n","protected":false},"excerpt":{"rendered":"<p>Wir bestehen aus 17 Sch\u00fcler\/innen und eine engagierte Lehrerin unterst\u00fctzt. Die Firma besitzt nat\u00fcrlich auch eine eigene Gesch\u00e4ftsleitung. Diese besteht zur Zeit aus: Gesch\u00e4ftsleitung: 1. Gesch\u00e4ftsf\u00fchrerin : Laura Peycke 2. Gesch\u00e4ftsf\u00fchrerin: Michelle Ochs Finanzmanagement: Michelle Ochs und Sophie Wiechert Design&amp; Marketing: Anne Marieke Grote Digitale Arbeit (Homepage): Daniel Schulz Weiterhin arbeiten mit: Lea, Erik, Seraphina, &hellip; <\/p>\n<p class=\"link-more\"><a href=\"https:\/\/www.evs.kgs-tornesch.de\/?page_id=86\" class=\"more-link\"><span class=\"screen-reader-text\">\u201eUnser Team\u201c<\/span> weiterlesen<\/a><\/p>\n","protected":false},"author":2,"featured_media":81,"parent":0,"menu_order":0,"comment_status":"closed","ping_status":"closed","template":"","meta":[],"_links":{"self":[{"href":"https:\/\/www.evs.kgs-tornesch.de\/index.php?rest_route=\/wp\/v2\/pages\/86"}],"collection":[{"href":"https:\/\/www.evs.kgs-tornesch.de\/index.php?rest_route=\/wp\/v2\/pages"}],"about":[{"href":"https:\/\/www.evs.kgs-tornesch.de\/index.php?rest_route=\/wp\/v2\/types\/page"}],"author":[{"embeddable":true,"href":"https:\/\/www.evs.kgs-tornesch.de\/index.php?rest_route=\/wp\/v2\/users\/2"}],"replies":[{"embeddable":true,"href":"https:\/\/www.evs.kgs-tornesch.de\/index.php?rest_route=%2Fwp%2Fv2%2Fcomments&post=86"}],"version-history":[{"count":7,"href":"https:\/\/www.evs.kgs-tornesch.de\/index.php?rest_route=\/wp\/v2\/pages\/86\/revisions"}],"predecessor-version":[{"id":141,"href":"https:\/\/www.evs.kgs-tornesch.de\/index.php?rest_route=\/wp\/v2\/pages\/86\/revisions\/141"}],"wp:featuredmedia":[{"embeddable":true,"href":"https:\/\/www.evs.kgs-tornesch.de\/index.php?rest_route=\/wp\/v2\/media\/81"}],"wp:attachment":[{"href":"https:\/\/www.evs.kgs-tornesch.de\/index.php?rest_route=%2Fwp%2Fv2%2Fmedia&parent=86"}],"curies":[{"name":"wp","href":"https:\/\/api.w.org\/{rel}","templated":true}]}}