{"id":9,"date":"2018-11-16T16:12:13","date_gmt":"2018-11-16T15:12:13","guid":{"rendered":"https:\/\/www.evs.kgs-tornesch.de\/?page_id=9"},"modified":"2020-11-16T09:29:40","modified_gmt":"2020-11-16T08:29:40","slug":"ueber-mich","status":"publish","type":"page","link":"https:\/\/www.evs.kgs-tornesch.de\/?page_id=9","title":{"rendered":"\u00dcber uns"},"content":{"rendered":"<p>Seit August 2013 sind wir Sch\u00fcler\/innen der Klaus-Groth-Schule Tornesch und auch zusammen in einer Klasse, wodurch wir uns sehr gut kennen. Ab der 6. Klasse sind wir dann offiziell der Sch\u00fclerfirma Event Solution beigetreten.<\/p>\n<p>Im Jahre 2017 haben uns unsere ehemaligen Chefs \u00a0mit dem Abitur verlassen, daraufhin haben Janne und Laura die Gesch\u00e4ftsf\u00fchrung \u00fcbernommen. \u00a0Michelle und Christian k\u00fcmmern sich eigenst\u00e4ndig um die Finanzen.<\/p>\n<p>Momentan sind wir alle vier dabei, den mittleren Schulabschluss zu machen, um danach in die Oberstufe gehen zu k\u00f6nnen. Des weiteren werden wir aus einem Team von 17 Sch\u00fcler\/innen und eine engagierte Lehrerinnen unterst\u00fctzt.<\/p>\n","protected":false},"excerpt":{"rendered":"<p>Seit August 2013 sind wir Sch\u00fcler\/innen der Klaus-Groth-Schule Tornesch und auch zusammen in einer Klasse, wodurch wir uns sehr gut kennen. Ab der 6. Klasse sind wir dann offiziell der Sch\u00fclerfirma Event Solution beigetreten. Im Jahre 2017 haben uns unsere ehemaligen Chefs \u00a0mit dem Abitur verlassen, daraufhin haben Janne und Laura die Gesch\u00e4ftsf\u00fchrung \u00fcbernommen. \u00a0Michelle &hellip; <\/p>\n<p class=\"link-more\"><a href=\"https:\/\/www.evs.kgs-tornesch.de\/?page_id=9\" class=\"more-link\"><span class=\"screen-reader-text\">\u201e\u00dcber uns\u201c<\/span> weiterlesen<\/a><\/p>\n","protected":false},"author":1,"featured_media":31,"parent":0,"menu_order":0,"comment_status":"closed","ping_status":"closed","template":"","meta":[],"_links":{"self":[{"href":"https:\/\/www.evs.kgs-tornesch.de\/index.php?rest_route=\/wp\/v2\/pages\/9"}],"collection":[{"href":"https:\/\/www.evs.kgs-tornesch.de\/index.php?rest_route=\/wp\/v2\/pages"}],"about":[{"href":"https:\/\/www.evs.kgs-tornesch.de\/index.php?rest_route=\/wp\/v2\/types\/page"}],"author":[{"embeddable":true,"href":"https:\/\/www.evs.kgs-tornesch.de\/index.php?rest_route=\/wp\/v2\/users\/1"}],"replies":[{"embeddable":true,"href":"https:\/\/www.evs.kgs-tornesch.de\/index.php?rest_route=%2Fwp%2Fv2%2Fcomments&post=9"}],"version-history":[{"count":5,"href":"https:\/\/www.evs.kgs-tornesch.de\/index.php?rest_route=\/wp\/v2\/pages\/9\/revisions"}],"predecessor-version":[{"id":125,"href":"https:\/\/www.evs.kgs-tornesch.de\/index.php?rest_route=\/wp\/v2\/pages\/9\/revisions\/125"}],"wp:featuredmedia":[{"embeddable":true,"href":"https:\/\/www.evs.kgs-tornesch.de\/index.php?rest_route=\/wp\/v2\/media\/31"}],"wp:attachment":[{"href":"https:\/\/www.evs.kgs-tornesch.de\/index.php?rest_route=%2Fwp%2Fv2%2Fmedia&parent=9"}],"curies":[{"name":"wp","href":"https:\/\/api.w.org\/{rel}","templated":true}]}}